{"id":13,"date":"2022-08-09T13:01:38","date_gmt":"2022-08-09T13:01:38","guid":{"rendered":"https:\/\/gdc-design.de\/?page_id=13"},"modified":"2022-08-30T13:33:58","modified_gmt":"2022-08-30T13:33:58","slug":"imprint","status":"publish","type":"page","link":"https:\/\/gdc-design.de\/en\/imprint\/","title":{"rendered":"imprint"},"content":{"rendered":"\n\t\t<section class=\"img-text-section style-1 core-paragraph \">\n\t\t<div class=\"container\">\n\t\t<div class=\"content-holder\">\n\t\t\n<p><strong>Verantwortlicher<\/strong> <br>Uli Knauer <br><br><strong>Anschrift<\/strong> <br>GDC DESIGN \/ GDC Media &amp; Design (UG) <br>Kaiserstra\u00dfe 168-170 <br>90763 F\u00fcrth <br><br>Fon +49.911.2876387 <br>Fax +49.911.2876388 <br><br>eMail info@gdc-design.de <br>Web www.gdc-design.de <br>USt-ID DE-132845090 <\/p>\n\n\t\t<\/div>\n\t\t<\/div>\n\t\t<\/section>\n\t\t\n\n\n\t\t<section class=\"img-text-section style-1 core-paragraph \">\n\t\t<div class=\"container\">\n\t\t<div class=\"content-holder\">\n\t\t\n<p>Die hier abrufbaren Inhalte und Dateien sind urheberrechtlich gesch\u00fctzt. Eine \u00c4nderung, kommerzielle Nutzung, Weitergabe oder sonstige weitergehende Nutzung stellen einen Urheberrechtsversto\u00df dar. Haftungsausschluss (Disclaimer) Die bereitgestellten Informationen auf dieser Website wurden sorgf\u00e4ltig gepr\u00fcft und werden regelm\u00e4\u00dfig aktualisiert. Jedoch kann keine Garantie daf\u00fcr \u00fcbernommen werden, dass alle Angaben zu jeder Zeit vollst\u00e4ndig, richtig und in letzter Aktualit\u00e4t dargestellt sind. Dies gilt insbesondere f\u00fcr alle Verbindungen (\u201cLinks\u201d) zu anderen Websites, auf die direkt oder indirekt verwiesen wird. Alle Angaben k\u00f6nnen ohne vorherige Ank\u00fcndigung ge\u00e4ndert, entfernt oder erg\u00e4nzt werden. Mit Urteil vom 12. Mai 1998 \u2013 312 O 85\/98 \u2013 \u201cHaftung f\u00fcr Links\u201d hat das Landgericht (LG) in Hamburg entschieden, dass man durch die Anbringung eines Links, die Inhalte der gelinkten Seite ggf. mit zu verantworten hat. Dies kann \u2013 so das LG \u2013 nur dadurch verhindert werden, dass man sich ausdr\u00fccklich von diesen Inhalten distanziert. Hiermit distanzieren sich alle Autoren und Mitwirkenden ausdr\u00fccklich von allen Inhalten der Seiten, auf die die o.g. Links verweisen. Diese Website benutzt Google Analytics, einen Webanalysedienst der Google Inc. (\u201eGoogle\u201c). Google Analytics verwendet sog. \u201eCookies\u201c, Textdateien, die auf Ihrem Computer gespeichert werden und die eine Analyse der Benutzung der Website durch Sie erm\u00f6glicht. Die durch den Cookie erzeugten Informationen \u00fcber Ihre Benutzung dieser Website (einschlie\u00dflich Ihrer IP-Adresse) wird an einen Server von Google in den USA \u00fcbertragen und dort gespeichert. Google wird diese Informationen benutzen, um Ihre Nutzung der Website auszuwerten, um Reports \u00fcber die Websiteaktivit\u00e4ten f\u00fcr die Websitebetreiber zusammenzustellen und um weitere mit der Websitenutzung und der Internetnutzung verbundene Dienstleistungen zu erbringen. Auch wird Google diese Informationen gegebenenfalls an Dritte \u00fcbertragen, sofern dies gesetzlich vorgeschrieben oder soweit Dritte diese Daten im Auftrag von Google verarbeiten. Google wird in keinem Fall Ihre IP-Adresse mit anderen Daten, die von Google gespeichert werden, in Verbindung bringen. Sie k\u00f6nnen die Installation der Cookies durch eine entsprechende Einstellung Ihrer Browser Software verhindern; wir weisen Sie jedoch darauf hin, dass Sie in diesem Fall gegebenenfalls nicht s\u00e4mtliche Funktionen dieser Website voll umf\u00e4nglich nutzen k\u00f6nnen. Durch die Nutzung dieser Website erkl\u00e4ren Sie sich mit der Bearbeitung der \u00fcber Sie erhobenen Daten durch Google in der zuvor beschriebenen Art und Weise und zu dem zuvor benannten Zweck einverstanden. 2012 GDC DESIGN \/ GDC MEDIA &amp; DESIGN. Alle Rechte vorbehalten. Stand Februar 2012. Alle Angaben ohne Gew\u00e4hr.<\/p>\n\n\t\t<\/div>\n\t\t<\/div>\n\t\t<\/section>\n\t\t","protected":false},"excerpt":{"rendered":"<p>Verantwortlicher Uli Knauer Anschrift GDC DESIGN \/ GDC Media &amp; Design (UG) Kaiserstra\u00dfe 168-170 90763 F\u00fcrth Fon +49.911.2876387 Fax +49.911.2876388 eMail info@gdc-design.de Web www.gdc-design.de USt-ID DE-132845090 Die hier abrufbaren Inhalte und Dateien sind urheberrechtlich gesch\u00fctzt. Eine \u00c4nderung, kommerzielle Nutzung, Weitergabe oder sonstige weitergehende Nutzung stellen einen Urheberrechtsversto\u00df dar. Haftungsausschluss (Disclaimer) Die bereitgestellten Informationen auf dieser [&hellip;]<\/p>\n","protected":false},"author":2,"featured_media":0,"parent":0,"menu_order":0,"comment_status":"closed","ping_status":"closed","template":"","meta":{"_acf_changed":false,"_eb_attr":"","inline_featured_image":false,"footnotes":""},"class_list":["post-13","page","type-page","status-publish","hentry"],"acf":[],"_links":{"self":[{"href":"https:\/\/gdc-design.de\/en\/wp-json\/wp\/v2\/pages\/13","targetHints":{"allow":["GET"]}}],"collection":[{"href":"https:\/\/gdc-design.de\/en\/wp-json\/wp\/v2\/pages"}],"about":[{"href":"https:\/\/gdc-design.de\/en\/wp-json\/wp\/v2\/types\/page"}],"author":[{"embeddable":true,"href":"https:\/\/gdc-design.de\/en\/wp-json\/wp\/v2\/users\/2"}],"replies":[{"embeddable":true,"href":"https:\/\/gdc-design.de\/en\/wp-json\/wp\/v2\/comments?post=13"}],"version-history":[{"count":4,"href":"https:\/\/gdc-design.de\/en\/wp-json\/wp\/v2\/pages\/13\/revisions"}],"predecessor-version":[{"id":146,"href":"https:\/\/gdc-design.de\/en\/wp-json\/wp\/v2\/pages\/13\/revisions\/146"}],"wp:attachment":[{"href":"https:\/\/gdc-design.de\/en\/wp-json\/wp\/v2\/media?parent=13"}],"curies":[{"name":"wp","href":"https:\/\/api.w.org\/{rel}","templated":true}]}}