{"id":3,"date":"2022-08-09T12:46:26","date_gmt":"2022-08-09T12:46:26","guid":{"rendered":"https:\/\/gdc-design.de\/?page_id=3"},"modified":"2022-08-30T13:44:07","modified_gmt":"2022-08-30T13:44:07","slug":"privacy-policy","status":"publish","type":"page","link":"https:\/\/gdc-design.de\/en\/privacy-policy\/","title":{"rendered":"privacy"},"content":{"rendered":"\n\t\t<section class=\"img-text-section style-1 core-heading no-padding\">\n\t\t<div class=\"container\">\n\t\t<div class=\"content-holder\">\n\t\t\n<h3 class=\"no-padding wp-block-heading\">Datenschutzerkl\u00e4rung<\/h3>\n\n\t\t<\/div>\n\t\t<\/div>\n\t\t<\/section>\n\t\t\n\n\n\t\t<section class=\"img-text-section style-1 core-paragraph no-padding\">\n\t\t<div class=\"container\">\n\t\t<div class=\"content-holder\">\n\t\t\n<p class=\"no-padding\">Verantwortliche Stelle im Sinne der Datenschutzgesetze, insbesondere der EU-Datenschutzgrundverordnung (DSGVO), ist: Ulrich Knauer<\/p>\n\n\t\t<\/div>\n\t\t<\/div>\n\t\t<\/section>\n\t\t\n\n\n\t\t<section class=\"img-text-section style-1 core-heading no-padding\">\n\t\t<div class=\"container\">\n\t\t<div class=\"content-holder\">\n\t\t\n<h4 class=\"no-padding wp-block-heading\">Ihre Betroffenenrechte<\/h4>\n\n\t\t<\/div>\n\t\t<\/div>\n\t\t<\/section>\n\t\t\n\n\n\t\t<section class=\"img-text-section style-1 core-paragraph no-padding\">\n\t\t<div class=\"container\">\n\t\t<div class=\"content-holder\">\n\t\t\n<p class=\"no-padding\">Unter den angegebenen Kontaktdaten unseres Datenschutzbeauftragten k\u00f6nnen Sie jederzeit folgende Rechte aus\u00fcben:<\/p>\n\n\t\t<\/div>\n\t\t<\/div>\n\t\t<\/section>\n\t\t\n\n\n\t\t<section class=\"img-text-section style-1 core-list no-padding\">\n\t\t<div class=\"container\">\n\t\t<div class=\"content-holder\">\n\t\t\n<ul class=\"no-padding wp-block-list\"><li>Auskunft \u00fcber Ihre bei uns gespeicherten Daten und deren Verarbeitung,<\/li><li>Berichtigung unrichtiger personenbezogener Daten,<\/li><li>L\u00f6schung Ihrer bei uns gespeicherten Daten,<\/li><li>Einschr\u00e4nkung der Datenverarbeitung, sofern wir Ihre Daten aufgrund gesetzlicher Pflichten noch nicht l\u00f6schen d\u00fcrfen,<\/li><li>Widerspruch gegen die Verarbeitung Ihrer Daten bei uns und<\/li><li>Daten\u00fcbertragbarkeit, sofern Sie in die Datenverarbeitung eingewilligt haben oder einen Vertrag mit uns abgeschlossen haben.<\/li><\/ul>\n\n\t\t<\/div>\n\t\t<\/div>\n\t\t<\/section>\n\t\t\n\n\n\t\t<section class=\"img-text-section style-1 core-paragraph no-padding\">\n\t\t<div class=\"container\">\n\t\t<div class=\"content-holder\">\n\t\t\n<p class=\"no-padding\">Sofern Sie uns eine Einwilligung erteilt haben, k\u00f6nnen Sie diese jederzeit mit Wirkung f\u00fcr die Zukunft widerrufen. Sie k\u00f6nnen sich jederzeit mit einer Beschwerde an die f\u00fcr Sie zust\u00e4ndige Aufsichtsbeh\u00f6rde wenden. Ihre zust\u00e4ndige Aufsichtsbeh\u00f6rde richtet sich nach dem Bundesland Ihres Wohnsitzes, Ihrer Arbeit oder der mutma\u00dflichen Verletzung. Eine Liste der Aufsichtsbeh\u00f6rden (f\u00fcr den nicht\u00f6ffentlichen Bereich) mit Anschrift finden Sie unter:&nbsp;<a href=\"https:\/\/web.archive.org\/web\/20200223123030\/https:\/\/www.bfdi.bund.de\/DE\/Infothek\/Anschriften_Links\/anschriften_links-node.html\" target=\"_blank\" rel=\"noreferrer noopener\">https:\/\/www.bfdi.bund.de\/DE\/Infothek\/Anschriften_Links\/anschriften_links-node.html<\/a>.<\/p>\n\n\t\t<\/div>\n\t\t<\/div>\n\t\t<\/section>\n\t\t\n\n\n\t\t<section class=\"img-text-section style-1 core-heading no-padding\">\n\t\t<div class=\"container\">\n\t\t<div class=\"content-holder\">\n\t\t\n<h4 class=\"no-padding wp-block-heading\">Zwecke der Datenverarbeitung durch die verantwortliche Stelle und Dritte<\/h4>\n\n\t\t<\/div>\n\t\t<\/div>\n\t\t<\/section>\n\t\t\n\n\n\t\t<section class=\"img-text-section style-1 core-paragraph no-padding\">\n\t\t<div class=\"container\">\n\t\t<div class=\"content-holder\">\n\t\t\n<p class=\"no-padding\">Wir verarbeiten Ihre personenbezogenen Daten nur zu den in dieser Datenschutzerkl\u00e4rung genannten Zwecken. Eine \u00dcbermittlung Ihrer pers\u00f6nlichen Daten an Dritte zu anderen als den genannten Zwecken findet nicht statt. Wir geben Ihre pers\u00f6nlichen Daten nur an Dritte weiter, wenn:<\/p>\n\n\t\t<\/div>\n\t\t<\/div>\n\t\t<\/section>\n\t\t\n\n\n\t\t<section class=\"img-text-section style-1 core-list no-padding\">\n\t\t<div class=\"container\">\n\t\t<div class=\"content-holder\">\n\t\t\n<ul class=\"no-padding wp-block-list\"><li>Sie Ihre ausdr\u00fcckliche Einwilligung dazu erteilt haben,<\/li><li>die Verarbeitung zur Abwicklung eines Vertrags mit Ihnen erforderlich ist,<\/li><li>die Verarbeitung zur Erf\u00fcllung einer rechtlichen Verpflichtung erforderlich ist,<\/li><\/ul>\n\n\t\t<\/div>\n\t\t<\/div>\n\t\t<\/section>\n\t\t\n\n\n\t\t<section class=\"img-text-section style-1 core-paragraph no-padding\">\n\t\t<div class=\"container\">\n\t\t<div class=\"content-holder\">\n\t\t\n<p class=\"no-padding\">die Verarbeitung zur Wahrung berechtigter Interessen erforderlich ist und kein Grund zur Annahme besteht, dass Sie ein \u00fcberwiegendes schutzw\u00fcrdiges Interesse an der Nichtweitergabe Ihrer Daten haben.<\/p>\n\n\t\t<\/div>\n\t\t<\/div>\n\t\t<\/section>\n\t\t\n\n\n\t\t<section class=\"img-text-section style-1 core-heading no-padding\">\n\t\t<div class=\"container\">\n\t\t<div class=\"content-holder\">\n\t\t\n<h4 class=\"no-padding wp-block-heading\">Erfassung allgemeiner Informationen beim Besuch unserer Website<\/h4>\n\n\t\t<\/div>\n\t\t<\/div>\n\t\t<\/section>\n\t\t\n\n\n\t\t<section class=\"img-text-section style-1 core-paragraph no-padding\">\n\t\t<div class=\"container\">\n\t\t<div class=\"content-holder\">\n\t\t\n<p class=\"no-padding\">Wenn Sie auf unsere Website zugreifen, werden automatisch mittels eines Cookies Informationen allgemeiner Natur erfasst. Diese Informationen (Server-Logfiles) beinhalten etwa die Art des Webbrowsers, das verwendete Betriebssystem, den Domainnamen Ihres Internet-Service-Providers und \u00e4hnliches. Hierbei handelt es sich ausschlie\u00dflich um Informationen, welche keine R\u00fcckschl\u00fcsse auf Ihre Person zulassen. Diese Informationen sind technisch notwendig, um von Ihnen angeforderte Inhalte von Webseiten korrekt auszuliefern und fallen bei Nutzung des Internets zwingend an. Sie werden insbesondere zu folgenden Zwecken verarbeitet:<\/p>\n\n\t\t<\/div>\n\t\t<\/div>\n\t\t<\/section>\n\t\t\n\n\n\t\t<section class=\"img-text-section style-1 core-list no-padding\">\n\t\t<div class=\"container\">\n\t\t<div class=\"content-holder\">\n\t\t\n<ul class=\"no-padding wp-block-list\"><li>Sicherstellung eines problemlosen Verbindungsaufbaus der Website,<\/li><li>Sicherstellung einer reibungslosen Nutzung unserer Website,<\/li><li>Auswertung der Systemsicherheit und -stabilit\u00e4t sowie<\/li><li>zu weiteren administrativen Zwecken.<\/li><\/ul>\n\n\t\t<\/div>\n\t\t<\/div>\n\t\t<\/section>\n\t\t\n\n\n\t\t<section class=\"img-text-section style-1 core-paragraph no-padding\">\n\t\t<div class=\"container\">\n\t\t<div class=\"content-holder\">\n\t\t\n<p class=\"no-padding\">Die Verarbeitung Ihrer personenbezogenen Daten basiert auf unserem berechtigten Interesse aus den vorgenannten Zwecken zur Datenerhebung. Wir verwenden Ihre Daten nicht, um R\u00fcckschl\u00fcsse auf Ihre Person zu ziehen. Empf\u00e4nger der Daten sind nur die verantwortliche Stelle und ggf. Auftragsverarbeiter. Anonyme Informationen dieser Art werden von uns ggfs. statistisch ausgewertet, um unseren Internetauftritt und die dahinterstehende Technik zu optimieren.<\/p>\n\n\t\t<\/div>\n\t\t<\/div>\n\t\t<\/section>\n\t\t\n\n\n\t\t<section class=\"img-text-section style-1 core-heading no-padding\">\n\t\t<div class=\"container\">\n\t\t<div class=\"content-holder\">\n\t\t\n<h4 class=\"no-padding wp-block-heading\">Cookies<\/h4>\n\n\t\t<\/div>\n\t\t<\/div>\n\t\t<\/section>\n\t\t\n\n\n\t\t<section class=\"img-text-section style-1 core-paragraph no-padding\">\n\t\t<div class=\"container\">\n\t\t<div class=\"content-holder\">\n\t\t\n<p class=\"no-padding\">Wie viele andere Webseiten verwenden wir auch so genannte \u201eCookies\u201c. Cookies sind kleine Textdateien, die von einem Websiteserver auf Ihre Festplatte \u00fcbertragen werden. Hierdurch erhalten wir automatisch bestimmte Daten wie z. B. IP-Adresse, verwendeter Browser, Betriebssystem und Ihre Verbindung zum Internet. Cookies k\u00f6nnen nicht verwendet werden, um Programme zu starten oder Viren auf einen Computer zu \u00fcbertragen. Anhand der in Cookies enthaltenen Informationen k\u00f6nnen wir Ihnen die Navigation erleichtern und die korrekte Anzeige unserer Webseiten erm\u00f6glichen. In keinem Fall werden die von uns erfassten Daten an Dritte weitergegeben oder ohne Ihre Einwilligung eine Verkn\u00fcpfung mit personenbezogenen Daten hergestellt. Nat\u00fcrlich k\u00f6nnen Sie unsere Website grunds\u00e4tzlich auch ohne Cookies betrachten. Internet-Browser sind regelm\u00e4\u00dfig so eingestellt, dass sie Cookies akzeptieren. Im Allgemeinen k\u00f6nnen Sie die Verwendung von Cookies jederzeit \u00fcber die Einstellungen Ihres Browsers deaktivieren. Bitte verwenden Sie die Hilfefunktionen Ihres Internetbrowsers, um zu erfahren, wie Sie diese Einstellungen \u00e4ndern k\u00f6nnen. Bitte beachten Sie, dass einzelne Funktionen unserer Website m\u00f6glicherweise nicht funktionieren, wenn Sie die Verwendung von Cookies deaktiviert haben.<\/p>\n\n\t\t<\/div>\n\t\t<\/div>\n\t\t<\/section>\n\t\t\n\n\n\t\t<section class=\"img-text-section style-1 core-heading no-padding\">\n\t\t<div class=\"container\">\n\t\t<div class=\"content-holder\">\n\t\t\n<h4 class=\"no-padding wp-block-heading\">Verwendung von Scriptbibliotheken (Google Webfonts)<\/h4>\n\n\t\t<\/div>\n\t\t<\/div>\n\t\t<\/section>\n\t\t\n\n\n\t\t<section class=\"img-text-section style-1 core-paragraph no-padding\">\n\t\t<div class=\"container\">\n\t\t<div class=\"content-holder\">\n\t\t\n<p class=\"no-padding\">Um unsere Inhalte browser\u00fcbergreifend korrekt und grafisch ansprechend darzustellen, verwenden wir auf dieser Website Scriptbibliotheken und Schriftbibliotheken wie z. B. Google Webfonts (<a href=\"https:\/\/web.archive.org\/web\/20200223123030\/http:\/\/www.google.com\/webfonts\/\" target=\"_blank\" rel=\"noreferrer noopener\">https:\/\/www.google.com\/webfonts\/<\/a>). Google Webfonts werden zur Vermeidung mehrfachen Ladens in den Cache Ihres Browsers \u00fcbertragen. Falls der Browser die Google Webfonts nicht unterst\u00fctzt oder den Zugriff unterbindet, werden Inhalte in einer Standardschrift angezeigt. Der Aufruf von Scriptbibliotheken oder Schriftbibliotheken l\u00f6st automatisch eine Verbindung zum Betreiber der Bibliothek aus. Dabei ist es theoretisch m\u00f6glich \u2013 aktuell allerdings auch unklar ob und ggf. zu welchen Zwecken \u2013 dass Betreiber entsprechender Bibliotheken Daten erheben. Die Datenschutzrichtlinie des Bibliothekbetreibers Google finden Sie hier:&nbsp;<a href=\"https:\/\/web.archive.org\/web\/20200223123030\/https:\/\/www.google.com\/policies\/privacy\/\" target=\"_blank\" rel=\"noreferrer noopener\">https:\/\/www.google.com\/policies\/privacy\/<\/a><\/p>\n\n\t\t<\/div>\n\t\t<\/div>\n\t\t<\/section>\n\t\t\n\n\n\t\t<section class=\"img-text-section style-1 core-heading no-padding\">\n\t\t<div class=\"container\">\n\t\t<div class=\"content-holder\">\n\t\t\n<h4 class=\"no-padding wp-block-heading\">Verwendung von Google Maps<\/h4>\n\n\t\t<\/div>\n\t\t<\/div>\n\t\t<\/section>\n\t\t\n\n\n\t\t<section class=\"img-text-section style-1 core-paragraph no-padding\">\n\t\t<div class=\"container\">\n\t\t<div class=\"content-holder\">\n\t\t\n<p class=\"no-padding\">Diese Webseite verwendet Google Maps API, um geographische Informationen visuell darzustellen. Bei der Nutzung von Google Maps werden von Google auch Daten \u00fcber die Nutzung der Kartenfunktionen durch Besucher erhoben, verarbeitet und genutzt. N\u00e4here Informationen \u00fcber die Datenverarbeitung durch Google k\u00f6nnen Sie&nbsp;<a href=\"https:\/\/web.archive.org\/web\/20200223123030\/http:\/\/www.google.com\/privacypolicy.html\" target=\"_blank\" rel=\"noreferrer noopener\">den Google-Datenschutzhinweisen<\/a>&nbsp;entnehmen. Dort k\u00f6nnen Sie im Datenschutzcenter auch Ihre pers\u00f6nlichen Datenschutz-Einstellungen ver\u00e4ndern. Ausf\u00fchrliche Anleitungen zur Verwaltung der eigenen Daten im Zusammenhang mit Google-Produkten<a href=\"https:\/\/web.archive.org\/web\/20200223123030\/http:\/\/www.dataliberation.org\/\" target=\"_blank\" rel=\"noreferrer noopener\">&nbsp;finden Sie hier<\/a>.<\/p>\n\n\t\t<\/div>\n\t\t<\/div>\n\t\t<\/section>\n\t\t\n\n\n\t\t<section class=\"img-text-section style-1 core-heading no-padding\">\n\t\t<div class=\"container\">\n\t\t<div class=\"content-holder\">\n\t\t\n<h4 class=\"no-padding wp-block-heading\">Eingebettete YouTube-Videos<\/h4>\n\n\t\t<\/div>\n\t\t<\/div>\n\t\t<\/section>\n\t\t\n\n\n\t\t<section class=\"img-text-section style-1 core-paragraph no-padding\">\n\t\t<div class=\"container\">\n\t\t<div class=\"content-holder\">\n\t\t\n<p class=\"no-padding\">Auf einigen unserer Webseiten betten wir Youtube-Videos ein. Betreiber der entsprechenden Plugins ist die YouTube, LLC, 901 Cherry Ave., San Bruno, CA 94066, USA. Wenn Sie eine Seite mit dem YouTube-Plugin besuchen, wird eine Verbindung zu Servern von Youtube hergestellt. Dabei wird Youtube mitgeteilt, welche Seiten Sie besuchen. Wenn Sie in Ihrem Youtube-Account eingeloggt sind, kann Youtube Ihr Surfverhalten Ihnen pers\u00f6nlich zuzuordnen. Dies verhindern Sie, indem Sie sich vorher aus Ihrem Youtube-Account ausloggen. Wird ein Youtube-Video gestartet, setzt der Anbieter Cookies ein, die Hinweise \u00fcber das Nutzerverhalten sammeln. Wer das Speichern von Cookies f\u00fcr das Google-Ad-Programm deaktiviert hat, wird auch beim Anschauen von Youtube-Videos mit keinen solchen Cookies rechnen m\u00fcssen. Youtube legt aber auch in anderen Cookies nicht-personenbezogene Nutzungsinformationen ab. M\u00f6chten Sie dies verhindern, so m\u00fcssen Sie das Speichern von Cookies im Browser blockieren. Weitere Informationen zum Datenschutz bei \u201eYoutube\u201c finden Sie in der Datenschutzerkl\u00e4rung des Anbieters unter:&nbsp;<a href=\"https:\/\/web.archive.org\/web\/20200223123030\/https:\/\/www.google.de\/intl\/de\/policies\/privacy\/\" target=\"_blank\" rel=\"noreferrer noopener\">https:\/\/www.google.de\/intl\/de\/policies\/privacy\/<\/a><\/p>\n\n\t\t<\/div>\n\t\t<\/div>\n\t\t<\/section>\n\t\t\n\n\n\t\t<section class=\"img-text-section style-1 core-heading no-padding\">\n\t\t<div class=\"container\">\n\t\t<div class=\"content-holder\">\n\t\t\n<h4 class=\"no-padding wp-block-heading\"><strong>\u00c4nderung unserer Datenschutzbestimmungen<\/strong><\/h4>\n\n\t\t<\/div>\n\t\t<\/div>\n\t\t<\/section>\n\t\t\n\n\n\t\t<section class=\"img-text-section style-1 core-paragraph no-padding\">\n\t\t<div class=\"container\">\n\t\t<div class=\"content-holder\">\n\t\t\n<p class=\"no-padding\">Wir behalten uns vor, diese Datenschutzerkl\u00e4rung anzupassen, damit sie stets den aktuellen rechtlichen Anforderungen entspricht oder um \u00c4nderungen unserer Leistungen in der Datenschutzerkl\u00e4rung umzusetzen, z.B. bei der Einf\u00fchrung neuer Services. F\u00fcr Ihren erneuten Besuch gilt dann die neue Datenschutzerkl\u00e4rung.<\/p>\n\n\t\t<\/div>\n\t\t<\/div>\n\t\t<\/section>\n\t\t\n\n\n\t\t<section class=\"img-text-section style-1 core-heading no-padding\">\n\t\t<div class=\"container\">\n\t\t<div class=\"content-holder\">\n\t\t\n<h4 class=\"no-padding wp-block-heading\"><strong>Fragen an den Datenschutzbeauftragten<\/strong><\/h4>\n\n\t\t<\/div>\n\t\t<\/div>\n\t\t<\/section>\n\t\t\n\n\n\t\t<section class=\"img-text-section style-1 core-paragraph no-padding\">\n\t\t<div class=\"container\">\n\t\t<div class=\"content-holder\">\n\t\t\n<p class=\"no-padding\">Wenn Sie Fragen zum Datenschutz haben, schreiben Sie uns bitte eine E-Mail oder wenden Sie sich direkt an die f\u00fcr den Datenschutz verantwortliche Person in unserer Organisation.<br><em>Die Datenschutzerkl\u00e4rung wurde mit dem&nbsp;<\/em><a rel=\"noreferrer noopener\" href=\"https:\/\/web.archive.org\/web\/20200223123030\/https:\/\/www.activemind.de\/datenschutz\/datenschutzhinweis-generator\/\" target=\"_blank\"><em>Datenschutzerkl\u00e4rungs-Generator der activeMind AG erstellt<\/em><\/a><em>.<\/em><\/p>\n\n\t\t<\/div>\n\t\t<\/div>\n\t\t<\/section>\n\t\t","protected":false},"excerpt":{"rendered":"<p>Datenschutzerkl\u00e4rung Verantwortliche Stelle im Sinne der Datenschutzgesetze, insbesondere der EU-Datenschutzgrundverordnung (DSGVO), ist: Ulrich Knauer Ihre Betroffenenrechte Unter den angegebenen Kontaktdaten unseres Datenschutzbeauftragten k\u00f6nnen Sie jederzeit folgende Rechte aus\u00fcben: Auskunft \u00fcber Ihre bei uns gespeicherten Daten und deren Verarbeitung, Berichtigung unrichtiger personenbezogener Daten, L\u00f6schung Ihrer bei uns gespeicherten Daten, Einschr\u00e4nkung der Datenverarbeitung, sofern wir Ihre Daten [&hellip;]<\/p>\n","protected":false},"author":2,"featured_media":0,"parent":0,"menu_order":0,"comment_status":"closed","ping_status":"open","template":"","meta":{"_acf_changed":false,"_eb_attr":"","inline_featured_image":false,"footnotes":""},"class_list":["post-3","page","type-page","status-publish","hentry"],"acf":[],"_links":{"self":[{"href":"https:\/\/gdc-design.de\/en\/wp-json\/wp\/v2\/pages\/3","targetHints":{"allow":["GET"]}}],"collection":[{"href":"https:\/\/gdc-design.de\/en\/wp-json\/wp\/v2\/pages"}],"about":[{"href":"https:\/\/gdc-design.de\/en\/wp-json\/wp\/v2\/types\/page"}],"author":[{"embeddable":true,"href":"https:\/\/gdc-design.de\/en\/wp-json\/wp\/v2\/users\/2"}],"replies":[{"embeddable":true,"href":"https:\/\/gdc-design.de\/en\/wp-json\/wp\/v2\/comments?post=3"}],"version-history":[{"count":5,"href":"https:\/\/gdc-design.de\/en\/wp-json\/wp\/v2\/pages\/3\/revisions"}],"predecessor-version":[{"id":152,"href":"https:\/\/gdc-design.de\/en\/wp-json\/wp\/v2\/pages\/3\/revisions\/152"}],"wp:attachment":[{"href":"https:\/\/gdc-design.de\/en\/wp-json\/wp\/v2\/media?parent=3"}],"curies":[{"name":"wp","href":"https:\/\/api.w.org\/{rel}","templated":true}]}}